{"id":1015,"date":"2022-02-13T10:58:41","date_gmt":"2022-02-13T10:58:41","guid":{"rendered":"https:\/\/millecurve.org\/?page_id=1015"},"modified":"2023-02-22T16:32:00","modified_gmt":"2023-02-22T16:32:00","slug":"la-millecurve-2022","status":"publish","type":"page","link":"https:\/\/millecurve.org\/index.php\/la-millecurve-2022\/","title":{"rendered":"La MilleCurve 2022"},"content":{"rendered":"<div class=\"wp-block-image\">\n<figure class=\"aligncenter size-full is-resized\"><img loading=\"lazy\" decoding=\"async\" src=\"https:\/\/millecurve.org\/wp-content\/uploads\/2022\/02\/immagine-1.png\" alt=\"\" class=\"wp-image-1065\" width=\"259\" height=\"142\" srcset=\"https:\/\/millecurve.org\/wp-content\/uploads\/2022\/02\/immagine-1.png 518w, https:\/\/millecurve.org\/wp-content\/uploads\/2022\/02\/immagine-1-300x164.png 300w\" sizes=\"auto, (max-width: 259px) 100vw, 259px\" \/><\/figure>\n<\/div>\n\n\n<p><mark style=\"background-color:rgba(0, 0, 0, 0);color:#FFA500\" class=\"has-inline-color\"><strong>M<\/strong><\/mark> illecurve 2022<\/p>\n\n\n\n<p class=\"has-text-align-left\"><mark style=\"background-color:rgba(0, 0, 0, 0);color:#FFA500\" class=\"has-inline-color\"><strong>I<\/strong><\/mark> l tempo de \u201cLa MilleCurve\u201d si avvicina anche quest\u2019anno cari amici regolaristi. Tra solo     un mese, il 26 febbraio, si apriranno le iscrizioni e la macchina organizzativa \u00e8 gi\u00e0 in moto<\/p>\n\n\n\n<p class=\"has-text-align-left\"><mark style=\"background-color:rgba(0, 0, 0, 0);color:#FFA500\" class=\"has-inline-color\"><strong>L<\/strong><\/mark> avoriamo alla nuova edizione per farci trovare pronti da chi con la sua partecipazione vorr\u00e0 dimostrare ancora una volta il suo attaccamento alla gara e dare soddisfazione a chi anno dopo anno si impegna per la sua realizzazione<\/p>\n\n\n\n<p><mark style=\"background-color:rgba(0, 0, 0, 0);color:#FFA500\" class=\"has-inline-color\"><strong>L<\/strong><\/mark> \u2018appuntamento con la regolarit\u00e0 ritorna quest\u2019anno in un diverso periodo, ad appena pochi giorni dall\u2019inizio della primavera, quando la verde Irpinia \u00e8 ancora pi\u00f9 verde <\/p>\n\n\n\n<p><mark style=\"background-color:rgba(0, 0, 0, 0);color:#FFA500\" class=\"has-inline-color\"><strong>E<\/strong><\/mark> cco perch\u00e9 abbiamo predisposto un percorso che abbina alla valorizzazione delle bellezze naturali e paesaggistiche dei monti Picentini e del Parco Regionale del Partenio spunti tecnici nuovi<\/p>\n\n\n\n<p><mark style=\"background-color:rgba(0, 0, 0, 0);color:#FFA500\" class=\"has-inline-color\"><strong>C<\/strong><\/mark> ontiamo di rendere sempre pi\u00f9 interessante un appuntamento divenuto un classico del panorama italiano della regolarit\u00e0 dopo sedici edizioni di cui quattordici valide per il Campionato Italiano <\/p>\n\n\n\n<p><mark style=\"background-color:rgba(0, 0, 0, 0);color:#FFA500\" class=\"has-inline-color\"><strong>U<\/strong><\/mark> n percorso di circa 200 chilometri lungo i monti, i fitti boschi, le spianate dell\u2019appennino e i tornanti che portano a Montevergine, teatro negli anni \u201970 dell\u2019epica cronoscalata <\/p>\n\n\n\n<p><mark style=\"background-color:rgba(0, 0, 0, 0);color:#FFA500\" class=\"has-inline-color\"><strong>R<\/strong><\/mark> omberanno i motori delle vostre storiche lungo le 65 prove cronometrate che daranno ritmo ad una gara sempre varia e non banale, con passaggi tecnici ma in sicurezza<\/p>\n\n\n\n<p><strong><mark style=\"background-color:rgba(0, 0, 0, 0);color:#ffa806\" class=\"has-inline-color\">V<\/mark><\/strong> i saranno 4 controlli orari a cadenzare la gara, progettati per dare il giusto tempo per una pausa prima di ripartire per il settore succ essivo, corroborati e determinati.<\/p>\n\n\n\n<p><strong><mark style=\"background-color:rgba(0, 0, 0, 0);color:#fe9504\" class=\"has-inline-color\">E<\/mark><\/strong> ssenziale sar\u00e0, per rimanere sempre aggiornati sulla gara, seguire i nostri profili socia l e le pagine del nostro sito internet dedicate alla 17esima La MilleCurve <\/p>\n\n\n\n<figure class=\"wp-block-image size-large\"><img loading=\"lazy\" decoding=\"async\" width=\"1024\" height=\"157\" src=\"https:\/\/millecurve.org\/wp-content\/uploads\/2022\/02\/immagine-1024x157.png\" alt=\"\" class=\"wp-image-1028\" srcset=\"https:\/\/millecurve.org\/wp-content\/uploads\/2022\/02\/immagine-1024x157.png 1024w, https:\/\/millecurve.org\/wp-content\/uploads\/2022\/02\/immagine-300x46.png 300w, https:\/\/millecurve.org\/wp-content\/uploads\/2022\/02\/immagine-768x118.png 768w, https:\/\/millecurve.org\/wp-content\/uploads\/2022\/02\/immagine-624x96.png 624w, https:\/\/millecurve.org\/wp-content\/uploads\/2022\/02\/immagine.png 1451w\" sizes=\"auto, (max-width: 1024px) 100vw, 1024px\" \/><\/figure>\n\n\n\n<p><\/p>\n","protected":false},"excerpt":{"rendered":"<p>M illecurve 2022 I l tempo de \u201cLa MilleCurve\u201d si avvicina anche quest\u2019anno cari amici regolaristi. Tra solo un mese, il 26 febbraio, si apriranno le iscrizioni e la macchina organizzativa \u00e8 gi\u00e0 in moto L avoriamo alla nuova edizione per farci trovare pronti da chi con la sua partecipazione vorr\u00e0 dimostrare ancora una volta [&hellip;]<\/p>\n","protected":false},"author":1,"featured_media":0,"parent":0,"menu_order":0,"comment_status":"closed","ping_status":"closed","template":"page-templates\/full-width.php","meta":{"footnotes":""},"class_list":["post-1015","page","type-page","status-publish","hentry"],"_links":{"self":[{"href":"https:\/\/millecurve.org\/index.php\/wp-json\/wp\/v2\/pages\/1015","targetHints":{"allow":["GET"]}}],"collection":[{"href":"https:\/\/millecurve.org\/index.php\/wp-json\/wp\/v2\/pages"}],"about":[{"href":"https:\/\/millecurve.org\/index.php\/wp-json\/wp\/v2\/types\/page"}],"author":[{"embeddable":true,"href":"https:\/\/millecurve.org\/index.php\/wp-json\/wp\/v2\/users\/1"}],"replies":[{"embeddable":true,"href":"https:\/\/millecurve.org\/index.php\/wp-json\/wp\/v2\/comments?post=1015"}],"version-history":[{"count":38,"href":"https:\/\/millecurve.org\/index.php\/wp-json\/wp\/v2\/pages\/1015\/revisions"}],"predecessor-version":[{"id":1368,"href":"https:\/\/millecurve.org\/index.php\/wp-json\/wp\/v2\/pages\/1015\/revisions\/1368"}],"wp:attachment":[{"href":"https:\/\/millecurve.org\/index.php\/wp-json\/wp\/v2\/media?parent=1015"}],"curies":[{"name":"wp","href":"https:\/\/api.w.org\/{rel}","templated":true}]}}